{"id":987495360,"date":"2024-09-22T13:07:16","date_gmt":"2024-09-22T13:07:16","guid":{"rendered":"https:\/\/levelplaytech.com\/?page_id=987495360"},"modified":"2025-09-01T06:21:45","modified_gmt":"2025-09-01T06:21:45","slug":"contact","status":"publish","type":"page","link":"https:\/\/levelplaytech.com\/fr\/contact\/","title":{"rendered":"Contact"},"content":{"rendered":"<p>[et_pb_section fb_built=&#8221;1&#8243; admin_label=&#8221;Hero&#8221; _builder_version=&#8221;4.25.1&#8243; _module_preset=&#8221;default&#8221; custom_padding=&#8221;||||false|false&#8221; locked=&#8221;off&#8221; collapsed=&#8221;on&#8221; global_colors_info=&#8221;{}&#8221;][et_pb_row _builder_version=&#8221;4.27.0&#8243; _module_preset=&#8221;default&#8221; max_width=&#8221;1200px&#8221; global_colors_info=&#8221;{}&#8221;][et_pb_column type=&#8221;4_4&#8243; _builder_version=&#8221;4.25.1&#8243; _module_preset=&#8221;default&#8221; global_colors_info=&#8221;{}&#8221;][et_pb_heading title=&#8221;Get in Touch with Levelplay&#8221; _builder_version=&#8221;4.25.1&#8243; _module_preset=&#8221;f0c675ea-2574-4d0e-b725-30f8550a8550&#8243; title_level=&#8221;h4&#8243; title_text_color=&#8221;gcid-primary-color&#8221; title_font_size=&#8221;14px&#8221; title_letter_spacing=&#8221;1px&#8221; title_line_height=&#8221;1.4em&#8221; custom_margin=&#8221;||10px||false|false&#8221; title_font_size_tablet=&#8221;13px&#8221; title_font_size_phone=&#8221;13px&#8221; title_font_size_last_edited=&#8221;on|desktop&#8221; locked=&#8221;off&#8221; global_colors_info=&#8221;{%22gcid-primary-color%22:%91%22title_text_color%22%93}&#8221;][\/et_pb_heading][dsm_lottie lottie_url=&#8221;https:\/\/levelplaytech.com\/wp-content\/uploads\/2024\/12\/Level.json&#8221; lottie_loop=&#8221;off&#8221; _builder_version=&#8221;4.27.0&#8243; _module_preset=&#8221;default&#8221; global_colors_info=&#8221;{}&#8221;][\/dsm_lottie][\/et_pb_column][\/et_pb_row][\/et_pb_section][et_pb_section fb_built=&#8221;1&#8243; _builder_version=&#8221;4.27.0&#8243; _module_preset=&#8221;default&#8221; global_colors_info=&#8221;{}&#8221;][et_pb_row column_structure=&#8221;1_2,1_2&#8243; _builder_version=&#8221;4.25.1&#8243; _module_preset=&#8221;5138c454-be54-4233-bd3b-f8e6a8747976&#8243; width=&#8221;100%&#8221; width_tablet=&#8221;80%&#8221; width_phone=&#8221;80%&#8221; width_last_edited=&#8221;on|tablet&#8221; max_width=&#8221;1200px&#8221; locked=&#8221;off&#8221; global_colors_info=&#8221;{}&#8221;][et_pb_column type=&#8221;1_2&#8243; _builder_version=&#8221;4.23.1&#8243; _module_preset=&#8221;73121f80-a3ef-4484-8763-c3f18e3c56d2&#8243; global_colors_info=&#8221;{}&#8221;][et_pb_image src=&#8221;https:\/\/levelplaytech.com\/wp-content\/uploads\/2024\/12\/Blank.png&#8221; title_text=&#8221;LVL Wave 720p&#8221; _builder_version=&#8221;4.27.4&#8243; _module_preset=&#8221;default&#8221; background_color=&#8221;#000000&#8243; background_video_mp4=&#8221;https:\/\/levelplaytech.com\/wp-content\/uploads\/2025\/09\/LVL-Wave-720p.mp4&#8243; hover_enabled=&#8221;0&#8243; global_colors_info=&#8221;{}&#8221; sticky_enabled=&#8221;0&#8243;][\/et_pb_image][\/et_pb_column][et_pb_column type=&#8221;1_2&#8243; _builder_version=&#8221;4.23.1&#8243; _module_preset=&#8221;73121f80-a3ef-4484-8763-c3f18e3c56d2&#8243; global_colors_info=&#8221;{}&#8221;][et_pb_code _builder_version=&#8221;4.25.1&#8243; _module_preset=&#8221;default&#8221; global_colors_info=&#8221;{}&#8221;]<div class=\"forminator-ui forminator-custom-form forminator-custom-form-987495389 forminator-design--flat  forminator_ajax\" data-forminator-render=\"0\" data-form=\"forminator-module-987495389\" data-uid=\"6a04839e2a76b\"><br\/><\/div><form\r\n\t\t\t\tid=\"forminator-module-987495389\"\r\n\t\t\t\tclass=\"forminator-ui forminator-custom-form forminator-custom-form-987495389 forminator-design--flat  forminator_ajax\"\r\n\t\t\t\tmethod=\"post\"\r\n\t\t\t\tdata-forminator-render=\"0\"\r\n\t\t\t\tdata-form-id=\"987495389\"\r\n\t\t\t\t\r\n\t\t\t\tdata-design=\"flat\"\r\n\t\t\t\t\r\n\t\t\t\t\r\n\t\t\t\t\r\n\t\t\t\tdata-grid=\"open\"\r\n\t\t\t\t\r\n\t\t\t\t\r\n\t\t\t\tstyle=\"display: none;\"\r\n\t\t\t\t\r\n\t\t\t\tdata-uid=\"6a04839e2a76b\"\r\n\t\t\t><div role=\"alert\" aria-live=\"polite\" class=\"forminator-response-message forminator-error\" aria-hidden=\"true\"><\/div><div class=\"forminator-row\"><div id=\"name-1\" class=\"forminator-field-name forminator-col forminator-col-12 \"><div class=\"forminator-field\"><label for=\"forminator-field-name-1_6a04839e2a76b\" id=\"forminator-field-name-1_6a04839e2a76b-label\" class=\"forminator-label\">First Name <span class=\"forminator-required\">*<\/span><\/label><input type=\"text\" name=\"name-1\" value=\"\" placeholder=\"E.g. Bruce\" id=\"forminator-field-name-1_6a04839e2a76b\" class=\"forminator-input forminator-name--field\" aria-required=\"true\" \/><\/div><\/div><\/div><div class=\"forminator-row\"><div id=\"email-1\" class=\"forminator-field-email forminator-col forminator-col-12 \"><div class=\"forminator-field\"><label for=\"forminator-field-email-1_6a04839e2a76b\" id=\"forminator-field-email-1_6a04839e2a76b-label\" class=\"forminator-label\">Email Address <span class=\"forminator-required\">*<\/span><\/label><input type=\"email\" name=\"email-1\" value=\"\" placeholder=\"E.g. bruce@levelplay.com\" id=\"forminator-field-email-1_6a04839e2a76b\" class=\"forminator-input forminator-email--field\" data-required=\"true\" aria-required=\"true\" \/><\/div><\/div><\/div><div class=\"forminator-row\"><div id=\"phone-1\" class=\"forminator-field-phone forminator-col forminator-col-12 \"><div class=\"forminator-field\"><label for=\"forminator-field-phone-1_6a04839e2a76b\" id=\"forminator-field-phone-1_6a04839e2a76b-label\" class=\"forminator-label\">Phone Number<\/label><input type=\"text\" name=\"phone-1\" value=\"\" placeholder=\"E.g. +1 218 213 512 55\" id=\"forminator-field-phone-1_6a04839e2a76b\" class=\"forminator-input forminator-field--phone\" data-required=\"\" aria-required=\"false\" autocomplete=\"off\" \/><\/div><\/div><\/div><div class=\"forminator-row\"><div id=\"textarea-1\" class=\"forminator-field-textarea forminator-col forminator-col-12 \"><div class=\"forminator-field\"><label for=\"forminator-field-textarea-1_6a04839e2a76b\" id=\"forminator-field-textarea-1_6a04839e2a76b-label\" class=\"forminator-label\">Message<\/label><textarea name=\"textarea-1\" placeholder=\"Empty your mind. Be formless, shapeless, like water. If you put water into a cup, it becomes the cup. You put water into a bottle, it becomes the bottle. You put it in a teapot, it becomes the teapot. Now water can flow or it can crash. Be water, my friend.\" id=\"forminator-field-textarea-1_6a04839e2a76b\" class=\"forminator-textarea\" rows=\"6\" style=\"min-height:140px;\" maxlength=\"180\" ><\/textarea><span id=\"forminator-field-textarea-1_6a04839e2a76b-description\" class=\"forminator-description\"><span data-limit=\"180\" data-type=\"characters\" data-editor=\"\">0 \/ 180<\/span><\/span><\/div><\/div><\/div><div class=\"forminator-row\"><div id=\"captcha-1\" class=\"forminator-field-captcha forminator-col forminator-col-12 \"><div class=\"forminator-captcha-left forminator-g-recaptcha\" data-theme=\"light\"  data-sitekey=\"6LemzGEqAAAAAF2-XusYZuFZZuhcyqtCxxf5_YIl\" data-size=\"normal\"><\/div> <\/div><\/div><input type=\"hidden\" name=\"referer_url\" value=\"\" \/><div class=\"forminator-row forminator-row-last\"><div class=\"forminator-col\"><div class=\"forminator-field\"><button class=\"forminator-button forminator-button-submit\">Send Message<\/button><\/div><\/div><\/div><input type=\"hidden\" id=\"forminator_nonce\" name=\"forminator_nonce\" value=\"9ee43868e8\" \/><input type=\"hidden\" name=\"_wp_http_referer\" value=\"\/fr\/wp-json\/wp\/v2\/pages\/987495360\" \/><input type=\"hidden\" name=\"form_id\" value=\"987495389\"><input type=\"hidden\" name=\"page_id\" value=\"987495360\"><input type=\"hidden\" name=\"form_type\" value=\"default\"><input type=\"hidden\" name=\"current_url\" value=\"https:\/\/levelplaytech.com\/fr\/contact\/\"><input type=\"hidden\" name=\"render_id\" value=\"0\"><input type=\"hidden\" name=\"action\" value=\"forminator_submit_form_custom-forms\"><label for=\"input_5\" class=\"forminator-hidden\" aria-hidden=\"true\">Please do not fill in this field. <input id=\"input_5\" type=\"text\" name=\"input_5\" value=\"\" autocomplete=\"off\"><\/label><\/form>[\/et_pb_code][\/et_pb_column][\/et_pb_row][\/et_pb_section][et_pb_section fb_built=&#8221;1&#8243; custom_padding_last_edited=&#8221;on|phone&#8221; admin_label=&#8221;Newsletter&#8221; _builder_version=&#8221;4.24.0&#8243; _module_preset=&#8221;default&#8221; background_enable_image=&#8221;off&#8221; min_height=&#8221;540px&#8221; min_height_tablet=&#8221;880px&#8221; min_height_phone=&#8221;470px&#8221; min_height_last_edited=&#8221;on|phone&#8221; height_tablet=&#8221;100%&#8221; height_last_edited=&#8221;off|phone&#8221; custom_padding=&#8221;5vh||||false|false&#8221; custom_padding_tablet=&#8221;10vh||||false|false&#8221; custom_padding_phone=&#8221;0vh||0px||false|false&#8221; global_module=&#8221;987496050&#8243; collapsed=&#8221;on&#8221; global_colors_info=&#8221;{}&#8221;][et_pb_row custom_padding_last_edited=&#8221;on|phone&#8221; _builder_version=&#8221;4.24.0&#8243; _module_preset=&#8221;default&#8221; width_tablet=&#8221;&#8221; width_phone=&#8221;95%&#8221; width_last_edited=&#8221;on|phone&#8221; custom_padding_tablet=&#8221;&#8221; custom_padding_phone=&#8221;0px||||false|false&#8221; global_colors_info=&#8221;{}&#8221;][et_pb_column type=&#8221;4_4&#8243; _builder_version=&#8221;4.24.0&#8243; _module_preset=&#8221;default&#8221; global_colors_info=&#8221;{}&#8221;][et_pb_text _builder_version=&#8221;4.24.0&#8243; _module_preset=&#8221;default&#8221; custom_margin=&#8221;60px|||||&#8221; custom_padding=&#8221;||3vh||false|false&#8221; global_colors_info=&#8221;{}&#8221;]<\/p>\n<h2 style=\"text-align: center;\">Join the revolution<\/h2>\n<p>[\/et_pb_text][et_pb_code _builder_version=&#8221;4.24.0&#8243; _module_preset=&#8221;default&#8221; width=&#8221;70%&#8221; module_alignment=&#8221;center&#8221; global_colors_info=&#8221;{}&#8221;]<div class=\"forminator-ui forminator-custom-form forminator-custom-form-25004 forminator-design--flat  forminator_ajax\" data-forminator-render=\"0\" data-form=\"forminator-module-25004\" data-uid=\"6a04839e33ad5\"><br\/><\/div><form\r\n\t\t\t\tid=\"forminator-module-25004\"\r\n\t\t\t\tclass=\"forminator-ui forminator-custom-form forminator-custom-form-25004 forminator-design--flat  forminator_ajax\"\r\n\t\t\t\tmethod=\"post\"\r\n\t\t\t\tdata-forminator-render=\"0\"\r\n\t\t\t\tdata-form-id=\"25004\"\r\n\t\t\t\t\r\n\t\t\t\tdata-design=\"flat\"\r\n\t\t\t\t\r\n\t\t\t\t\r\n\t\t\t\t\r\n\t\t\t\tdata-grid=\"open\"\r\n\t\t\t\t\r\n\t\t\t\t\r\n\t\t\t\tstyle=\"display: none;\"\r\n\t\t\t\t\r\n\t\t\t\tdata-uid=\"6a04839e33ad5\"\r\n\t\t\t><div role=\"alert\" aria-live=\"polite\" class=\"forminator-response-message forminator-error\" aria-hidden=\"true\"><\/div><div class=\"forminator-row\"><div id=\"email-1\" class=\"forminator-field-email forminator-col forminator-col-12 \"><div class=\"forminator-field\"><input type=\"email\" name=\"email-1\" value=\"\" placeholder=\"Please Enter Your Email\" id=\"forminator-field-email-1_6a04839e33ad5\" class=\"forminator-input forminator-email--field\" data-required=\"true\" aria-required=\"true\" \/><\/div><\/div><\/div><div class=\"forminator-row\"><div id=\"checkbox-1\" class=\"forminator-field-checkbox forminator-col forminator-col-12 \"><div role=\"group\" class=\"forminator-field required\" aria-labelledby=\"forminator-checkbox-group-forminator-field-checkbox-1-6a04839e33ad5-label\"><label id=\"forminator-field-checkbox-1-1-6a04839e33ad5-label\" for=\"forminator-field-checkbox-1-1-6a04839e33ad5\" class=\"forminator-checkbox\" title=\"I agree to receive secret updates from the Levelplay Rebels. I can unsubscribe at any time.\"><input type=\"checkbox\" name=\"checkbox-1[]\" value=\"one\" id=\"forminator-field-checkbox-1-1-6a04839e33ad5\" aria-labelledby=\"forminator-field-checkbox-1-1-6a04839e33ad5-label\" data-calculation=\"0\"   data-hidden-behavior=\"zero\"\/><span class=\"forminator-checkbox-box\" aria-hidden=\"true\"><\/span><span class=\"forminator-checkbox-label\">I agree to receive secret updates from the Levelplay Rebels. I can unsubscribe at any time.<\/span><\/label><label id=\"forminator-field-checkbox-1-2-6a04839e33ad5-label\" for=\"forminator-field-checkbox-1-2-6a04839e33ad5\" class=\"forminator-checkbox\" title=\"I agree to the terms &amp; conditions. My contact data will not be shared with third parties.\"><input type=\"checkbox\" name=\"checkbox-1[]\" value=\"two\" id=\"forminator-field-checkbox-1-2-6a04839e33ad5\" aria-labelledby=\"forminator-field-checkbox-1-2-6a04839e33ad5-label\" data-calculation=\"0\"   data-hidden-behavior=\"zero\"\/><span class=\"forminator-checkbox-box\" aria-hidden=\"true\"><\/span><span class=\"forminator-checkbox-label\">I agree to the terms &amp; conditions. My contact data will not be shared with third parties.<\/span><\/label><\/div><\/div><\/div><div class=\"forminator-row\"><div id=\"captcha-1\" class=\"forminator-field-captcha forminator-col forminator-col-12 \"><div class=\"forminator-captcha-left forminator-g-recaptcha recaptcha-invisible\" data-theme=\"dark\" data-badge=\"bottomright\" data-sitekey=\"6Lfa4WEqAAAAAHDorqoeh290oDZU5gzLiMRUR6Vz\" data-size=\"invisible\"><\/div> <\/div><\/div><input type=\"hidden\" name=\"referer_url\" value=\"\" \/><div class=\"forminator-row forminator-row-last\"><div class=\"forminator-col\"><div class=\"forminator-field\"><button class=\"forminator-button forminator-button-submit\">Subscribe<\/button><\/div><\/div><\/div><input type=\"hidden\" id=\"forminator_nonce\" name=\"forminator_nonce\" value=\"4895a96133\" \/><input type=\"hidden\" name=\"_wp_http_referer\" value=\"\/fr\/wp-json\/wp\/v2\/pages\/987495360\" \/><input type=\"hidden\" name=\"form_id\" value=\"25004\"><input type=\"hidden\" name=\"page_id\" value=\"987495360\"><input type=\"hidden\" name=\"form_type\" value=\"default\"><input type=\"hidden\" name=\"current_url\" value=\"https:\/\/levelplaytech.com\/fr\/contact\/\"><input type=\"hidden\" name=\"render_id\" value=\"0\"><input type=\"hidden\" name=\"action\" value=\"forminator_submit_form_custom-forms\"><\/form>[\/et_pb_code][\/et_pb_column][\/et_pb_row][\/et_pb_section]<\/p>\n","protected":false},"excerpt":{"rendered":"<p><div class=\"et_pb_module dsm_lottie dsm_lottie_0\">\n\t\t\t\t\n\t\t\t\t\n\t\t\t\t\n\t\t\t\t\n\t\t\t\t\n\t\t\t\t\n\t\t\t\t<div class=\"et_pb_module_inner\">\n\t\t\t\t\t<div class=\"dsm_lottie_wrapper\" data-percent-viewport=\"\" data-params=\"{&quot;path&quot;:&quot;https:\\\/\\\/levelplaytech.com\\\/wp-content\\\/uploads\\\/2024\\\/12\\\/Level.json&quot;,&quot;loop&quot;:false,&quot;loop_no&quot;:&quot;&quot;,&quot;delay&quot;:&quot;0ms&quot;,&quot;direction&quot;:&quot;1&quot;,&quot;speed&quot;:&quot;1&quot;,&quot;hover&quot;:false,&quot;trigger&quot;:&quot;on_hover&quot;,&quot;scroll&quot;:&quot;on_hover&quot;,&quot;mouseout&quot;:&quot;no_action&quot;,&quot;viewport&quot;:&quot;80%&quot;}\">\n\t\t\t<\/div>\n\t\t\t\t<\/div>\n\t\t\t<\/div><div class=\"forminator-ui forminator-custom-form forminator-custom-form-987495389 forminator-design--flat  forminator_ajax\" data-forminator-render=\"1\" data-form=\"forminator-module-987495389\" data-uid=\"6a04839e5ceeb\"><br\/><\/div><form\r\n\t\t\t\tid=\"forminator-module-987495389\"\r\n\t\t\t\tclass=\"forminator-ui forminator-custom-form forminator-custom-form-987495389 forminator-design--flat  forminator_ajax\"\r\n\t\t\t\tmethod=\"post\"\r\n\t\t\t\tdata-forminator-render=\"1\"\r\n\t\t\t\tdata-form-id=\"987495389\"\r\n\t\t\t\t\r\n\t\t\t\tdata-design=\"flat\"\r\n\t\t\t\t\r\n\t\t\t\t\r\n\t\t\t\t\r\n\t\t\t\tdata-grid=\"open\"\r\n\t\t\t\t\r\n\t\t\t\t\r\n\t\t\t\tstyle=\"display: none;\"\r\n\t\t\t\t\r\n\t\t\t\tdata-uid=\"6a04839e5ceeb\" action=\"\"\r\n\t\t\t><div role=\"alert\" aria-live=\"polite\" class=\"forminator-response-message forminator-error\" aria-hidden=\"true\"><\/div><div class=\"forminator-row\"><div id=\"name-1\" class=\"forminator-field-name forminator-col forminator-col-12\"><div class=\"forminator-field\"><label for=\"forminator-field-name-1_6a04839e5ceeb\" id=\"forminator-field-name-1_6a04839e5ceeb-label\" class=\"forminator-label\">Pr\u00e9nom <span class=\"forminator-required\">*<\/span><\/label><input type=\"text\" name=\"name-1\" value=\"\" placeholder=\"Par exemple : Jean\" id=\"forminator-field-name-1_6a04839e5ceeb\" class=\"forminator-input forminator-name--field\" aria-required=\"true\" \/><\/div><\/div><\/div><div class=\"forminator-row\"><div id=\"email-1\" class=\"forminator-field-email forminator-col forminator-col-12\"><div class=\"forminator-field\"><label for=\"forminator-field-email-1_6a04839e5ceeb\" id=\"forminator-field-email-1_6a04839e5ceeb-label\" class=\"forminator-label\">Adresse \u00e9-mail <span class=\"forminator-required\">*<\/span><\/label><input type=\"email\" name=\"email-1\" value=\"\" placeholder=\"Ex. : jean@levelplay.com\" id=\"forminator-field-email-1_6a04839e5ceeb\" class=\"forminator-input forminator-email--field\" data-required=\"true\" aria-required=\"true\" \/><\/div><\/div><\/div><div class=\"forminator-row\"><div id=\"phone-1\" class=\"forminator-field-phone forminator-col forminator-col-12\"><div class=\"forminator-field\"><label for=\"forminator-field-phone-1_6a04839e5ceeb\" id=\"forminator-field-phone-1_6a04839e5ceeb-label\" class=\"forminator-label\">Num\u00e9ro de t\u00e9l\u00e9phone<\/label><input type=\"text\" name=\"phone-1\" value=\"\" placeholder=\"E.g. +33 6 218 213 51\" id=\"forminator-field-phone-1_6a04839e5ceeb\" class=\"forminator-input forminator-field--phone\" data-required=\"\" aria-required=\"false\" autocomplete=\"off\" \/><\/div><\/div><\/div><div class=\"forminator-row\"><div id=\"textarea-1\" class=\"forminator-field-textarea forminator-col forminator-col-12\"><div class=\"forminator-field\"><label for=\"forminator-field-textarea-1_6a04839e5ceeb\" id=\"forminator-field-textarea-1_6a04839e5ceeb-label\" class=\"forminator-label\">Message<\/label><textarea name=\"textarea-1\" placeholder=\"Vide ton esprit. Sois informe, sans forme, comme l\u2019eau. Si tu mets de l\u2019eau dans une tasse, elle devient la tasse. Tu la mets dans une bouteille, elle devient la bouteille. Tu la mets dans une th\u00e9i\u00e8re, elle devient la th\u00e9i\u00e8re. L\u2019eau peut couler ou elle peut frapper violemment. Sois comme l\u2019eau, mon ami.\" id=\"forminator-field-textarea-1_6a04839e5ceeb\" class=\"forminator-textarea\" rows=\"6\" style=\"min-height:140px;\" maxlength=\"180\" ><\/textarea><span id=\"forminator-field-textarea-1_6a04839e5ceeb-description\" class=\"forminator-description\"><span data-limit=\"180\" data-type=\"characters\" data-editor=\"\">0 \/ 180<\/span><\/span><\/div><\/div><\/div><div class=\"forminator-row\"><div id=\"captcha-1\" class=\"forminator-field-captcha forminator-col forminator-col-12\"><div class=\"forminator-captcha-left forminator-g-recaptcha\" data-theme=\"light\"  data-sitekey=\"6LemzGEqAAAAAF2-XusYZuFZZuhcyqtCxxf5_YIl\" data-size=\"normal\"><\/div> <\/div><\/div><input type=\"hidden\" name=\"referer_url\" value=\"\" \/><div class=\"forminator-row forminator-row-last\"><div class=\"forminator-col\"><div class=\"forminator-field\"><button class=\"forminator-button forminator-button-submit\">Envoyer<\/button><\/div><\/div><\/div><input type=\"hidden\" id=\"forminator_nonce\" name=\"forminator_nonce\" value=\"9ee43868e8\" \/><input type=\"hidden\" name=\"_wp_http_referer\" value=\"\/fr\/wp-json\/wp\/v2\/pages\/987495360\" \/><input type=\"hidden\" name=\"form_id\" value=\"987495389\"><input type=\"hidden\" name=\"page_id\" value=\"987495360\"><input type=\"hidden\" name=\"form_type\" value=\"default\"><input type=\"hidden\" name=\"current_url\" value=\"https:\/\/levelplaytech.com\/fr\/contact\/\"><input type=\"hidden\" name=\"render_id\" value=\"1\"><input type=\"hidden\" name=\"action\" value=\"forminator_submit_form_custom-forms\"><label for=\"input_5\" class=\"forminator-hidden\" aria-hidden=\"true\">Please do not fill in this field. <input id=\"input_5\" type=\"text\" name=\"input_5\" value=\"\" autocomplete=\"off\"><\/label><label for=\"input_5\" class=\"forminator-hidden\" aria-hidden=\"true\">Please do not fill in this field. <input id=\"input_5\" type=\"text\" name=\"input_5\" value=\"\" autocomplete=\"off\"><\/label><input type=\"hidden\" name=\"trp-form-language\" value=\"fr\"\/><\/form>Rejoignez la r\u00e9volution<div class=\"forminator-ui forminator-custom-form forminator-custom-form-25004 forminator-design--flat  forminator_ajax\" data-forminator-render=\"1\" data-form=\"forminator-module-25004\" data-uid=\"6a04839e6392d\"><br\/><\/div><form\r\n\t\t\t\tid=\"forminator-module-25004\"\r\n\t\t\t\tclass=\"forminator-ui forminator-custom-form forminator-custom-form-25004 forminator-design--flat  forminator_ajax\"\r\n\t\t\t\tmethod=\"post\"\r\n\t\t\t\tdata-forminator-render=\"1\"\r\n\t\t\t\tdata-form-id=\"25004\"\r\n\t\t\t\t\r\n\t\t\t\tdata-design=\"flat\"\r\n\t\t\t\t\r\n\t\t\t\t\r\n\t\t\t\t\r\n\t\t\t\tdata-grid=\"open\"\r\n\t\t\t\t\r\n\t\t\t\t\r\n\t\t\t\tstyle=\"display: none;\"\r\n\t\t\t\t\r\n\t\t\t\tdata-uid=\"6a04839e6392d\" action=\"\"\r\n\t\t\t><div role=\"alert\" aria-live=\"polite\" class=\"forminator-response-message forminator-error\" aria-hidden=\"true\"><\/div><div class=\"forminator-row\"><div id=\"email-1\" class=\"forminator-field-email forminator-col forminator-col-12\"><div class=\"forminator-field\"><input type=\"email\" name=\"email-1\" value=\"\" placeholder=\"Veuillez saisir votre adresse e-mail\" id=\"forminator-field-email-1_6a04839e6392d\" class=\"forminator-input forminator-email--field\" data-required=\"true\" aria-required=\"true\" \/><\/div><\/div><\/div><div class=\"forminator-row\"><div id=\"checkbox-1\" class=\"forminator-field-checkbox forminator-col forminator-col-12\"><div role=\"group\" class=\"forminator-field required\" aria-labelledby=\"forminator-checkbox-group-forminator-field-checkbox-1-6a04839e6392d-label\"><label id=\"forminator-field-checkbox-1-1-6a04839e6392d-label\" for=\"forminator-field-checkbox-1-1-6a04839e6392d\" class=\"forminator-checkbox\" title=\"J\u2019accepte de recevoir des informations et des mises \u00e0 jour exclusives de Levelplay. Je peux me d\u00e9sinscrire \u00e0 tout moment.\"><input type=\"checkbox\" name=\"checkbox-1[]\" value=\"one\" id=\"forminator-field-checkbox-1-1-6a04839e6392d\" aria-labelledby=\"forminator-field-checkbox-1-1-6a04839e6392d-label\" data-calculation=\"0\"   data-hidden-behavior=\"zero\"\/><span class=\"forminator-checkbox-box\" aria-hidden=\"true\"><\/span><span class=\"forminator-checkbox-label\">J\u2019accepte de recevoir des informations et des mises \u00e0 jour exclusives de Levelplay. Je peux me d\u00e9sinscrire \u00e0 tout moment.<\/span><\/label><label id=\"forminator-field-checkbox-1-2-6a04839e6392d-label\" for=\"forminator-field-checkbox-1-2-6a04839e6392d\" class=\"forminator-checkbox\" title=\"J\u2019accepte les termes et conditions. Mes donn\u00e9es de contact ne seront pas partag\u00e9es avec des tiers.\"><input type=\"checkbox\" name=\"checkbox-1[]\" value=\"two\" id=\"forminator-field-checkbox-1-2-6a04839e6392d\" aria-labelledby=\"forminator-field-checkbox-1-2-6a04839e6392d-label\" data-calculation=\"0\"   data-hidden-behavior=\"zero\"\/><span class=\"forminator-checkbox-box\" aria-hidden=\"true\"><\/span><span class=\"forminator-checkbox-label\">J\u2019accepte les termes et conditions. Mes donn\u00e9es de contact ne seront pas partag\u00e9es avec des tiers.<\/span><\/label><\/div><\/div><\/div><div class=\"forminator-row\"><div id=\"captcha-1\" class=\"forminator-field-captcha forminator-col forminator-col-12\"><div class=\"forminator-captcha-left forminator-g-recaptcha recaptcha-invisible\" data-theme=\"dark\" data-badge=\"bottomright\" data-sitekey=\"6Lfa4WEqAAAAAHDorqoeh290oDZU5gzLiMRUR6Vz\" data-size=\"invisible\"><\/div> <\/div><\/div><input type=\"hidden\" name=\"referer_url\" value=\"\" \/><div class=\"forminator-row forminator-row-last\"><div class=\"forminator-col\"><div class=\"forminator-field\"><button class=\"forminator-button forminator-button-submit\">S\u2019abonner<\/button><\/div><\/div><\/div><input type=\"hidden\" id=\"forminator_nonce\" name=\"forminator_nonce\" value=\"4895a96133\" \/><input type=\"hidden\" name=\"_wp_http_referer\" value=\"\/fr\/wp-json\/wp\/v2\/pages\/987495360\" \/><input type=\"hidden\" name=\"form_id\" value=\"25004\"><input type=\"hidden\" name=\"page_id\" value=\"987495360\"><input type=\"hidden\" name=\"form_type\" value=\"default\"><input type=\"hidden\" name=\"current_url\" value=\"https:\/\/levelplaytech.com\/fr\/contact\/\"><input type=\"hidden\" name=\"render_id\" value=\"1\"><input type=\"hidden\" name=\"action\" value=\"forminator_submit_form_custom-forms\"><input type=\"hidden\" name=\"trp-form-language\" value=\"fr\"\/><\/form><\/p>","protected":false},"author":1,"featured_media":0,"parent":0,"menu_order":3,"comment_status":"closed","ping_status":"closed","template":"","meta":{"_et_pb_use_builder":"on","_et_pb_old_content":"","_et_gb_content_width":"","inline_featured_image":false,"footnotes":""},"class_list":["post-987495360","page","type-page","status-publish","hentry"],"aioseo_notices":[],"_links":{"self":[{"href":"https:\/\/levelplaytech.com\/fr\/wp-json\/wp\/v2\/pages\/987495360","targetHints":{"allow":["GET"]}}],"collection":[{"href":"https:\/\/levelplaytech.com\/fr\/wp-json\/wp\/v2\/pages"}],"about":[{"href":"https:\/\/levelplaytech.com\/fr\/wp-json\/wp\/v2\/types\/page"}],"author":[{"embeddable":true,"href":"https:\/\/levelplaytech.com\/fr\/wp-json\/wp\/v2\/users\/1"}],"replies":[{"embeddable":true,"href":"https:\/\/levelplaytech.com\/fr\/wp-json\/wp\/v2\/comments?post=987495360"}],"version-history":[{"count":16,"href":"https:\/\/levelplaytech.com\/fr\/wp-json\/wp\/v2\/pages\/987495360\/revisions"}],"predecessor-version":[{"id":987496909,"href":"https:\/\/levelplaytech.com\/fr\/wp-json\/wp\/v2\/pages\/987495360\/revisions\/987496909"}],"wp:attachment":[{"href":"https:\/\/levelplaytech.com\/fr\/wp-json\/wp\/v2\/media?parent=987495360"}],"curies":[{"name":"wp","href":"https:\/\/api.w.org\/{rel}","templated":true}]}}